{"id":638,"date":"2024-09-29T11:59:43","date_gmt":"2024-09-29T09:59:43","guid":{"rendered":"https:\/\/www.semo-11.fr\/?page_id=638"},"modified":"2025-02-22T16:45:41","modified_gmt":"2025-02-22T15:45:41","slug":"nos-services","status":"publish","type":"page","link":"https:\/\/www.semo-11.fr\/index.php\/nos-services\/","title":{"rendered":"Nos services"},"content":{"rendered":"\n<p><strong>Les services des SEMO<\/strong><\/p>\n\n\n\n<ul class=\"wp-block-list\">\n<li>Une permanence t\u00e9l\u00e9phonique assurant une <strong>mission d&#8217;information<\/strong> et de conseil en droit social effectu\u00e9e par des juristes sp\u00e9cialis\u00e9s. Des consultations sont \u00e9galement possibles sur rendez-vous. Ce conseil concerne tous les probl\u00e8mes li\u00e9s \u00e0 l&#8217;embauche, au licenciement et en r\u00e8gle g\u00e9n\u00e9rale tout ce qui touche l&#8217;emploi des salari\u00e9s.<br><br><\/li>\n\n\n\n<li>L&#8217;envoi d&#8217;un &#8220;<strong>Flash Social<\/strong>&#8221; \u00e0 l&#8217;issue de chaque n\u00e9gociation de salaires, informant de la nouvelle grille de salaires, des changements de taux de cotisations, et de mani\u00e8re g\u00e9n\u00e9rale de l&#8217;actualit\u00e9 sociale.<br><br><\/li>\n<\/ul>\n\n\n\n<hr class=\"wp-block-separator has-alpha-channel-opacity\"\/>\n\n\n\n<p><br><strong>Comment adh\u00e9rer ? :<\/strong><br><a href=\"https:\/\/www.semo-11.fr\/index.php\/produit\/adhesion-2025\/\">Adh\u00e9sion 2025<\/a><\/p>\n\n\n\n<p><br>Vous pouvez nous contacter par email contact@semo-11.fr<br><\/p>\n\n\n\n<p><\/p>\n\n\n\n<p><\/p>\n\n\n\n<hr class=\"wp-block-separator has-alpha-channel-opacity\"\/>\n\n\n\n<figure class=\"wp-block-image size-full is-resized\"><img data-recalc-dims=\"1\" fetchpriority=\"high\" decoding=\"async\" width=\"500\" height=\"455\" src=\"https:\/\/i0.wp.com\/www.semo-11.fr\/wp-content\/uploads\/2024\/08\/cropped-cropped-logo-SEMO-1-transp-1.png?resize=500%2C455\" alt=\"\" class=\"wp-image-614\" style=\"width:160px;height:auto\" srcset=\"https:\/\/i0.wp.com\/www.semo-11.fr\/wp-content\/uploads\/2024\/08\/cropped-cropped-logo-SEMO-1-transp-1.png?w=500&amp;ssl=1 500w, https:\/\/i0.wp.com\/www.semo-11.fr\/wp-content\/uploads\/2024\/08\/cropped-cropped-logo-SEMO-1-transp-1.png?resize=300%2C273&amp;ssl=1 300w\" sizes=\"(max-width: 500px) 100vw, 500px\" \/><\/figure>\n\n\n\n<p><\/p>\n","protected":false},"excerpt":{"rendered":"<p>Les services des SEMO Comment adh\u00e9rer ? :Adh\u00e9sion 2025 Vous pouvez nous contacter par email contact@semo-11.fr<\/p>\n","protected":false},"author":1,"featured_media":0,"parent":0,"menu_order":0,"comment_status":"closed","ping_status":"closed","template":"","meta":{"footnotes":""},"class_list":["post-638","page","type-page","status-publish","hentry"],"_links":{"self":[{"href":"https:\/\/www.semo-11.fr\/index.php\/wp-json\/wp\/v2\/pages\/638","targetHints":{"allow":["GET"]}}],"collection":[{"href":"https:\/\/www.semo-11.fr\/index.php\/wp-json\/wp\/v2\/pages"}],"about":[{"href":"https:\/\/www.semo-11.fr\/index.php\/wp-json\/wp\/v2\/types\/page"}],"author":[{"embeddable":true,"href":"https:\/\/www.semo-11.fr\/index.php\/wp-json\/wp\/v2\/users\/1"}],"replies":[{"embeddable":true,"href":"https:\/\/www.semo-11.fr\/index.php\/wp-json\/wp\/v2\/comments?post=638"}],"version-history":[{"count":20,"href":"https:\/\/www.semo-11.fr\/index.php\/wp-json\/wp\/v2\/pages\/638\/revisions"}],"predecessor-version":[{"id":837,"href":"https:\/\/www.semo-11.fr\/index.php\/wp-json\/wp\/v2\/pages\/638\/revisions\/837"}],"wp:attachment":[{"href":"https:\/\/www.semo-11.fr\/index.php\/wp-json\/wp\/v2\/media?parent=638"}],"curies":[{"name":"wp","href":"https:\/\/api.w.org\/{rel}","templated":true}]}}